{"id":30,"date":"2020-04-06T19:31:09","date_gmt":"2020-04-06T19:31:09","guid":{"rendered":"https:\/\/artesaconcept.com\/?page_id=30"},"modified":"2021-11-16T14:22:50","modified_gmt":"2021-11-16T14:22:50","slug":"contact","status":"publish","type":"page","link":"https:\/\/dev.artesaconcept.com\/en\/contact\/","title":{"rendered":"Contact"},"content":{"rendered":"","protected":false},"excerpt":{"rendered":"","protected":false},"author":1,"featured_media":0,"parent":0,"menu_order":0,"comment_status":"closed","ping_status":"closed","template":"contact.php","meta":{"om_disable_all_campaigns":false,"footnotes":""},"acf":[],"yoast_head":"<!-- This site is optimized with the Yoast SEO plugin v22.6 - https:\/\/yoast.com\/wordpress\/plugins\/seo\/ -->\n<title>Contact - Artesa | Architectes concepteurs<\/title>\n<meta name=\"description\" content=\"En affaires depuis 1995, Artesa est l\u2019unification, en 2020, des firmes, Line Laurin Architecte et Jutras Architecture. Artesa a d\u00e9velopp\u00e9 une solide expertise de projets corporatifs dans les sph\u00e8res commerciale, institutionnelle, industrielle et r\u00e9sidentielle.\" \/>\n<meta name=\"robots\" content=\"index, follow, max-snippet:-1, max-image-preview:large, max-video-preview:-1\" \/>\n<link rel=\"canonical\" href=\"https:\/\/dev.artesaconcept.com\/en\/contact\/\" \/>\n<meta property=\"og:locale\" content=\"en_US\" \/>\n<meta property=\"og:type\" content=\"article\" \/>\n<meta property=\"og:title\" content=\"Contact - Artesa | Architectes concepteurs\" \/>\n<meta property=\"og:description\" content=\"En affaires depuis 1995, Artesa est l\u2019unification, en 2020, des firmes, Line Laurin Architecte et Jutras Architecture. Artesa a d\u00e9velopp\u00e9 une solide expertise de projets corporatifs dans les sph\u00e8res commerciale, institutionnelle, industrielle et r\u00e9sidentielle.\" \/>\n<meta property=\"og:url\" content=\"https:\/\/dev.artesaconcept.com\/en\/contact\/\" \/>\n<meta property=\"og:site_name\" content=\"Artesa\" \/>\n<meta property=\"article:modified_time\" content=\"2021-11-16T14:22:50+00:00\" \/>\n<meta property=\"og:image\" content=\"https:\/\/dev.artesaconcept.com\/wp-content\/uploads\/2020\/12\/smo-contact.jpg\" \/>\n\t<meta property=\"og:image:width\" content=\"1200\" \/>\n\t<meta property=\"og:image:height\" content=\"630\" \/>\n\t<meta property=\"og:image:type\" content=\"image\/jpeg\" \/>\n<meta name=\"twitter:card\" content=\"summary_large_image\" \/>\n<script type=\"application\/ld+json\" class=\"yoast-schema-graph\">{\"@context\":\"https:\/\/schema.org\",\"@graph\":[{\"@type\":\"WebPage\",\"@id\":\"https:\/\/dev.artesaconcept.com\/en\/contact\/\",\"url\":\"https:\/\/dev.artesaconcept.com\/en\/contact\/\",\"name\":\"Contact - Artesa | Architectes concepteurs\",\"isPartOf\":{\"@id\":\"https:\/\/dev.artesaconcept.com\/#website\"},\"datePublished\":\"2020-04-06T19:31:09+00:00\",\"dateModified\":\"2021-11-16T14:22:50+00:00\",\"description\":\"En affaires depuis 1995, Artesa est l\u2019unification, en 2020, des firmes, Line Laurin Architecte et Jutras Architecture. Artesa a d\u00e9velopp\u00e9 une solide expertise de projets corporatifs dans les sph\u00e8res commerciale, institutionnelle, industrielle et r\u00e9sidentielle.\",\"breadcrumb\":{\"@id\":\"https:\/\/dev.artesaconcept.com\/en\/contact\/#breadcrumb\"},\"inLanguage\":\"en-US\",\"potentialAction\":[{\"@type\":\"ReadAction\",\"target\":[\"https:\/\/dev.artesaconcept.com\/en\/contact\/\"]}]},{\"@type\":\"BreadcrumbList\",\"@id\":\"https:\/\/dev.artesaconcept.com\/en\/contact\/#breadcrumb\",\"itemListElement\":[{\"@type\":\"ListItem\",\"position\":1,\"name\":\"Home\",\"item\":\"https:\/\/dev.artesaconcept.com\/en\/\"},{\"@type\":\"ListItem\",\"position\":2,\"name\":\"Contact\"}]},{\"@type\":\"WebSite\",\"@id\":\"https:\/\/dev.artesaconcept.com\/#website\",\"url\":\"https:\/\/dev.artesaconcept.com\/\",\"name\":\"Artesa\",\"description\":\"Just another WordPress site\",\"publisher\":{\"@id\":\"https:\/\/dev.artesaconcept.com\/#organization\"},\"potentialAction\":[{\"@type\":\"SearchAction\",\"target\":{\"@type\":\"EntryPoint\",\"urlTemplate\":\"https:\/\/dev.artesaconcept.com\/?s={search_term_string}\"},\"query-input\":\"required name=search_term_string\"}],\"inLanguage\":\"en-US\"},{\"@type\":\"Organization\",\"@id\":\"https:\/\/dev.artesaconcept.com\/#organization\",\"name\":\"Artesa\",\"url\":\"https:\/\/dev.artesaconcept.com\/\",\"logo\":{\"@type\":\"ImageObject\",\"inLanguage\":\"en-US\",\"@id\":\"https:\/\/dev.artesaconcept.com\/#\/schema\/logo\/image\/\",\"url\":\"https:\/\/www.artesaconcept.com\/wp-content\/uploads\/2020\/12\/smo-artesa-fr.jpg\",\"contentUrl\":\"https:\/\/www.artesaconcept.com\/wp-content\/uploads\/2020\/12\/smo-artesa-fr.jpg\",\"width\":1200,\"height\":630,\"caption\":\"Artesa\"},\"image\":{\"@id\":\"https:\/\/dev.artesaconcept.com\/#\/schema\/logo\/image\/\"},\"sameAs\":[\"https:\/\/www.instagram.com\/yoast\"]}]}<\/script>\n<!-- \/ Yoast SEO plugin. -->","yoast_head_json":{"title":"Contact - Artesa | Architectes concepteurs","description":"En affaires depuis 1995, Artesa est l\u2019unification, en 2020, des firmes, Line Laurin Architecte et Jutras Architecture. Artesa a d\u00e9velopp\u00e9 une solide expertise de projets corporatifs dans les sph\u00e8res commerciale, institutionnelle, industrielle et r\u00e9sidentielle.","robots":{"index":"index","follow":"follow","max-snippet":"max-snippet:-1","max-image-preview":"max-image-preview:large","max-video-preview":"max-video-preview:-1"},"canonical":"https:\/\/dev.artesaconcept.com\/en\/contact\/","og_locale":"en_US","og_type":"article","og_title":"Contact - Artesa | Architectes concepteurs","og_description":"En affaires depuis 1995, Artesa est l\u2019unification, en 2020, des firmes, Line Laurin Architecte et Jutras Architecture. Artesa a d\u00e9velopp\u00e9 une solide expertise de projets corporatifs dans les sph\u00e8res commerciale, institutionnelle, industrielle et r\u00e9sidentielle.","og_url":"https:\/\/dev.artesaconcept.com\/en\/contact\/","og_site_name":"Artesa","article_modified_time":"2021-11-16T14:22:50+00:00","og_image":[{"width":1200,"height":630,"url":"https:\/\/dev.artesaconcept.com\/wp-content\/uploads\/2020\/12\/smo-contact.jpg","type":"image\/jpeg"}],"twitter_card":"summary_large_image","schema":{"@context":"https:\/\/schema.org","@graph":[{"@type":"WebPage","@id":"https:\/\/dev.artesaconcept.com\/en\/contact\/","url":"https:\/\/dev.artesaconcept.com\/en\/contact\/","name":"Contact - Artesa | Architectes concepteurs","isPartOf":{"@id":"https:\/\/dev.artesaconcept.com\/#website"},"datePublished":"2020-04-06T19:31:09+00:00","dateModified":"2021-11-16T14:22:50+00:00","description":"En affaires depuis 1995, Artesa est l\u2019unification, en 2020, des firmes, Line Laurin Architecte et Jutras Architecture. Artesa a d\u00e9velopp\u00e9 une solide expertise de projets corporatifs dans les sph\u00e8res commerciale, institutionnelle, industrielle et r\u00e9sidentielle.","breadcrumb":{"@id":"https:\/\/dev.artesaconcept.com\/en\/contact\/#breadcrumb"},"inLanguage":"en-US","potentialAction":[{"@type":"ReadAction","target":["https:\/\/dev.artesaconcept.com\/en\/contact\/"]}]},{"@type":"BreadcrumbList","@id":"https:\/\/dev.artesaconcept.com\/en\/contact\/#breadcrumb","itemListElement":[{"@type":"ListItem","position":1,"name":"Home","item":"https:\/\/dev.artesaconcept.com\/en\/"},{"@type":"ListItem","position":2,"name":"Contact"}]},{"@type":"WebSite","@id":"https:\/\/dev.artesaconcept.com\/#website","url":"https:\/\/dev.artesaconcept.com\/","name":"Artesa","description":"Just another WordPress site","publisher":{"@id":"https:\/\/dev.artesaconcept.com\/#organization"},"potentialAction":[{"@type":"SearchAction","target":{"@type":"EntryPoint","urlTemplate":"https:\/\/dev.artesaconcept.com\/?s={search_term_string}"},"query-input":"required name=search_term_string"}],"inLanguage":"en-US"},{"@type":"Organization","@id":"https:\/\/dev.artesaconcept.com\/#organization","name":"Artesa","url":"https:\/\/dev.artesaconcept.com\/","logo":{"@type":"ImageObject","inLanguage":"en-US","@id":"https:\/\/dev.artesaconcept.com\/#\/schema\/logo\/image\/","url":"https:\/\/www.artesaconcept.com\/wp-content\/uploads\/2020\/12\/smo-artesa-fr.jpg","contentUrl":"https:\/\/www.artesaconcept.com\/wp-content\/uploads\/2020\/12\/smo-artesa-fr.jpg","width":1200,"height":630,"caption":"Artesa"},"image":{"@id":"https:\/\/dev.artesaconcept.com\/#\/schema\/logo\/image\/"},"sameAs":["https:\/\/www.instagram.com\/yoast"]}]}},"_links":{"self":[{"href":"https:\/\/dev.artesaconcept.com\/en\/wp-json\/wp\/v2\/pages\/30"}],"collection":[{"href":"https:\/\/dev.artesaconcept.com\/en\/wp-json\/wp\/v2\/pages"}],"about":[{"href":"https:\/\/dev.artesaconcept.com\/en\/wp-json\/wp\/v2\/types\/page"}],"author":[{"embeddable":true,"href":"https:\/\/dev.artesaconcept.com\/en\/wp-json\/wp\/v2\/users\/1"}],"replies":[{"embeddable":true,"href":"https:\/\/dev.artesaconcept.com\/en\/wp-json\/wp\/v2\/comments?post=30"}],"version-history":[{"count":3,"href":"https:\/\/dev.artesaconcept.com\/en\/wp-json\/wp\/v2\/pages\/30\/revisions"}],"predecessor-version":[{"id":1525,"href":"https:\/\/dev.artesaconcept.com\/en\/wp-json\/wp\/v2\/pages\/30\/revisions\/1525"}],"wp:attachment":[{"href":"https:\/\/dev.artesaconcept.com\/en\/wp-json\/wp\/v2\/media?parent=30"}],"curies":[{"name":"wp","href":"https:\/\/api.w.org\/{rel}","templated":true}]}}